{"id":9284,"date":"2026-01-29T16:34:25","date_gmt":"2026-01-29T15:34:25","guid":{"rendered":"https:\/\/www.infrastructure-solutions.swiss\/?page_id=9284"},"modified":"2026-02-20T11:23:15","modified_gmt":"2026-02-20T10:23:15","slug":"aktuelles","status":"publish","type":"page","link":"https:\/\/www.infrastructure-solutions.swiss\/de\/aktuelles\/","title":{"rendered":"Aktuelles"},"content":{"rendered":"\t\t<div data-elementor-type=\"wp-page\" data-elementor-id=\"9284\" class=\"elementor elementor-9284\">\n\t\t\t\t\t\t<header class=\"elementor-section elementor-top-section elementor-element elementor-element-1d0a930b elementor-section-boxed elementor-section-height-default elementor-section-height-default\" data-id=\"1d0a930b\" data-element_type=\"section\" data-e-type=\"section\" data-settings=\"{&quot;background_background&quot;:&quot;classic&quot;,&quot;shape_divider_bottom&quot;:&quot;tilt&quot;}\">\n\t\t\t\t\t\t\t<div class=\"elementor-background-overlay\"><\/div>\n\t\t\t\t\t\t<div class=\"elementor-shape elementor-shape-bottom\" aria-hidden=\"true\" data-negative=\"false\">\n\t\t\t<svg xmlns=\"http:\/\/www.w3.org\/2000\/svg\" viewBox=\"0 0 1000 100\" preserveAspectRatio=\"none\">\n\t<path class=\"elementor-shape-fill\" d=\"M0,6V0h1000v100L0,6z\"\/>\n<\/svg>\t\t<\/div>\n\t\t\t\t\t<div class=\"elementor-container elementor-column-gap-wider\">\n\t\t\t\t\t<div class=\"elementor-column elementor-col-100 elementor-top-column elementor-element elementor-element-6ad17baa\" data-id=\"6ad17baa\" data-element_type=\"column\" data-e-type=\"column\">\n\t\t\t<div class=\"elementor-widget-wrap elementor-element-populated\">\n\t\t\t\t\t\t<div class=\"elementor-element elementor-element-70be697 elementor-invisible elementor-widget elementor-widget-heading\" data-id=\"70be697\" data-element_type=\"widget\" data-e-type=\"widget\" data-settings=\"{&quot;_animation&quot;:&quot;fadeIn&quot;}\" data-widget_type=\"heading.default\">\n\t\t\t\t<div class=\"elementor-widget-container\">\n\t\t\t\t\t<h1 class=\"elementor-heading-title elementor-size-default\">Aktuelles<\/h1>\t\t\t\t<\/div>\n\t\t\t\t<\/div>\n\t\t\t\t\t<\/div>\n\t\t<\/div>\n\t\t\t\t\t<\/div>\n\t\t<\/header>\n\t\t\t\t<section class=\"elementor-section elementor-top-section elementor-element elementor-element-9d9376c elementor-section-boxed elementor-section-height-default elementor-section-height-default\" data-id=\"9d9376c\" data-element_type=\"section\" data-e-type=\"section\">\n\t\t\t\t\t\t<div class=\"elementor-container elementor-column-gap-default\">\n\t\t\t\t\t<div class=\"elementor-column elementor-col-50 elementor-top-column elementor-element elementor-element-d871d09\" data-id=\"d871d09\" data-element_type=\"column\" data-e-type=\"column\">\n\t\t\t<div class=\"elementor-widget-wrap elementor-element-populated\">\n\t\t\t\t\t\t<div class=\"elementor-element elementor-element-171c178 elementor-widget elementor-widget-heading\" data-id=\"171c178\" data-element_type=\"widget\" data-e-type=\"widget\" data-widget_type=\"heading.default\">\n\t\t\t\t<div class=\"elementor-widget-container\">\n\t\t\t\t\t<h2 class=\"elementor-heading-title elementor-size-default\">Team Switzerland Infrastucture auf LinkedIn<\/h2>\t\t\t\t<\/div>\n\t\t\t\t<\/div>\n\t\t\t\t<div class=\"elementor-element elementor-element-47f14e8 elementor-widget elementor-widget-text-editor\" data-id=\"47f14e8\" data-element_type=\"widget\" data-e-type=\"widget\" data-widget_type=\"text-editor.default\">\n\t\t\t\t<div class=\"elementor-widget-container\">\n\t\t\t\t\t\t\t\t\t<p align=\"left\"><span style=\"color: #000000;\"><span style=\"font-family: Arial, sans-serif;\">Vernetzen Sie sich mit uns auf LinkedIn und entdecken Sie aktuelle News, spannende Einblicke und Themen, die unsere Branche bewegen. Bleiben Sie informiert und erfahren Sie mehr \u00fcber unsere aktuellen Aktivit\u00e4ten.<\/span><\/span><\/p>\t\t\t\t\t\t\t\t<\/div>\n\t\t\t\t<\/div>\n\t\t\t\t<div class=\"elementor-element elementor-element-617091e elementor-align-left elementor-widget elementor-widget-button\" data-id=\"617091e\" data-element_type=\"widget\" data-e-type=\"widget\" data-widget_type=\"button.default\">\n\t\t\t\t<div class=\"elementor-widget-container\">\n\t\t\t\t\t\t\t\t\t<div class=\"elementor-button-wrapper\">\n\t\t\t\t\t<a class=\"elementor-button elementor-button-link elementor-size-sm\" href=\"https:\/\/www.linkedin.com\/company\/swiss-infrastructure-solutions\/\">\n\t\t\t\t\t\t<span class=\"elementor-button-content-wrapper\">\n\t\t\t\t\t\t\t\t\t<span class=\"elementor-button-text\">Jetzt auf LinkedIn folgen<\/span>\n\t\t\t\t\t<\/span>\n\t\t\t\t\t<\/a>\n\t\t\t\t<\/div>\n\t\t\t\t\t\t\t\t<\/div>\n\t\t\t\t<\/div>\n\t\t\t\t\t<\/div>\n\t\t<\/div>\n\t\t\t\t<div class=\"elementor-column elementor-col-50 elementor-top-column elementor-element elementor-element-60fcf3d\" data-id=\"60fcf3d\" data-element_type=\"column\" data-e-type=\"column\">\n\t\t\t<div class=\"elementor-widget-wrap elementor-element-populated\">\n\t\t\t\t\t\t<div class=\"elementor-element elementor-element-9b0b0ce elementor-widget-divider--view-line elementor-widget elementor-widget-divider\" data-id=\"9b0b0ce\" data-element_type=\"widget\" data-e-type=\"widget\" data-widget_type=\"divider.default\">\n\t\t\t\t<div class=\"elementor-widget-container\">\n\t\t\t\t\t\t\t<div class=\"elementor-divider\">\n\t\t\t<span class=\"elementor-divider-separator\">\n\t\t\t\t\t\t<\/span>\n\t\t<\/div>\n\t\t\t\t\t\t<\/div>\n\t\t\t\t<\/div>\n\t\t\t\t\t<\/div>\n\t\t<\/div>\n\t\t\t\t\t<\/div>\n\t\t<\/section>\n\t\t\t\t<section class=\"elementor-section elementor-top-section elementor-element elementor-element-5df4eee elementor-section-boxed elementor-section-height-default elementor-section-height-default\" data-id=\"5df4eee\" data-element_type=\"section\" data-e-type=\"section\">\n\t\t\t\t\t\t<div class=\"elementor-container elementor-column-gap-default\">\n\t\t\t\t\t<div class=\"elementor-column elementor-col-100 elementor-top-column elementor-element elementor-element-9f02002\" data-id=\"9f02002\" data-element_type=\"column\" data-e-type=\"column\">\n\t\t\t<div class=\"elementor-widget-wrap elementor-element-populated\">\n\t\t\t\t\t\t<div class=\"elementor-element elementor-element-cd9ccbc elementor-widget elementor-widget-html\" data-id=\"cd9ccbc\" data-element_type=\"widget\" data-e-type=\"widget\" data-widget_type=\"html.default\">\n\t\t\t\t<div class=\"elementor-widget-container\">\n\t\t\t\t\t<div style=\"width: 100%; text-align: center;\">\n\n  <iframe\n\n    src=https:\/\/www.juicer.io\/api\/feeds\/swiss-infrastructure-solutions\/iframe\n\n    frameborder=\"1\"\n\n    allowfullscreen=\"true\"\n\n    allowtransparency=\"true\"\n\n    style=\"height: 1200px; border: none;\">\n\n  <\/iframe>\n\n<\/div>\t\t\t\t<\/div>\n\t\t\t\t<\/div>\n\t\t\t\t\t<\/div>\n\t\t<\/div>\n\t\t\t\t\t<\/div>\n\t\t<\/section>\n\t\t\t\t<section class=\"elementor-section elementor-top-section elementor-element elementor-element-efe12d0 elementor-section-height-min-height elementor-section-boxed elementor-section-height-default elementor-section-items-middle\" data-id=\"efe12d0\" data-element_type=\"section\" data-e-type=\"section\" data-settings=\"{&quot;background_background&quot;:&quot;classic&quot;,&quot;shape_divider_top&quot;:&quot;tilt&quot;,&quot;shape_divider_bottom&quot;:&quot;tilt&quot;}\">\n\t\t\t\t\t\t\t<div class=\"elementor-background-overlay\"><\/div>\n\t\t\t\t\t\t<div class=\"elementor-shape elementor-shape-top\" aria-hidden=\"true\" data-negative=\"false\">\n\t\t\t<svg xmlns=\"http:\/\/www.w3.org\/2000\/svg\" viewBox=\"0 0 1000 100\" preserveAspectRatio=\"none\">\n\t<path class=\"elementor-shape-fill\" d=\"M0,6V0h1000v100L0,6z\"\/>\n<\/svg>\t\t<\/div>\n\t\t\t\t<div class=\"elementor-shape elementor-shape-bottom\" aria-hidden=\"true\" data-negative=\"false\">\n\t\t\t<svg xmlns=\"http:\/\/www.w3.org\/2000\/svg\" viewBox=\"0 0 1000 100\" preserveAspectRatio=\"none\">\n\t<path class=\"elementor-shape-fill\" d=\"M0,6V0h1000v100L0,6z\"\/>\n<\/svg>\t\t<\/div>\n\t\t\t\t\t<div class=\"elementor-container elementor-column-gap-wider\">\n\t\t\t\t\t<div class=\"elementor-column elementor-col-100 elementor-top-column elementor-element elementor-element-e7589fb\" data-id=\"e7589fb\" data-element_type=\"column\" data-e-type=\"column\">\n\t\t\t<div class=\"elementor-widget-wrap\">\n\t\t\t\t\t\t\t<\/div>\n\t\t<\/div>\n\t\t\t\t\t<\/div>\n\t\t<\/section>\n\t\t\t\t<section class=\"elementor-section elementor-top-section elementor-element elementor-element-ce453dd elementor-section-boxed elementor-section-height-default elementor-section-height-default\" data-id=\"ce453dd\" data-element_type=\"section\" data-e-type=\"section\">\n\t\t\t\t\t\t<div class=\"elementor-container elementor-column-gap-default\">\n\t\t\t\t\t<div class=\"elementor-column elementor-col-50 elementor-top-column elementor-element elementor-element-6076b66\" data-id=\"6076b66\" data-element_type=\"column\" data-e-type=\"column\">\n\t\t\t<div class=\"elementor-widget-wrap elementor-element-populated\">\n\t\t\t\t\t\t<div class=\"elementor-element elementor-element-4982a456 elementor-widget elementor-widget-heading\" data-id=\"4982a456\" data-element_type=\"widget\" data-e-type=\"widget\" data-widget_type=\"heading.default\">\n\t\t\t\t<div class=\"elementor-widget-container\">\n\t\t\t\t\t<h3 class=\"elementor-heading-title elementor-size-default\">Haben Sie Fragen oder m\u00f6chten Sie mehr wissen?<\/h3>\t\t\t\t<\/div>\n\t\t\t\t<\/div>\n\t\t\t\t\t<\/div>\n\t\t<\/div>\n\t\t\t\t<div class=\"elementor-column elementor-col-50 elementor-top-column elementor-element elementor-element-c2384b1\" data-id=\"c2384b1\" data-element_type=\"column\" data-e-type=\"column\">\n\t\t\t<div class=\"elementor-widget-wrap elementor-element-populated\">\n\t\t\t\t\t\t<div class=\"elementor-element elementor-element-2fd26e0e elementor-widget-divider--view-line elementor-widget elementor-widget-divider\" data-id=\"2fd26e0e\" data-element_type=\"widget\" data-e-type=\"widget\" data-widget_type=\"divider.default\">\n\t\t\t\t<div class=\"elementor-widget-container\">\n\t\t\t\t\t\t\t<div class=\"elementor-divider\">\n\t\t\t<span class=\"elementor-divider-separator\">\n\t\t\t\t\t\t<\/span>\n\t\t<\/div>\n\t\t\t\t\t\t<\/div>\n\t\t\t\t<\/div>\n\t\t\t\t\t<\/div>\n\t\t<\/div>\n\t\t\t\t\t<\/div>\n\t\t<\/section>\n\t\t\t\t<section class=\"elementor-section elementor-top-section elementor-element elementor-element-3eab986 elementor-section-boxed elementor-section-height-default elementor-section-height-default\" data-id=\"3eab986\" data-element_type=\"section\" data-e-type=\"section\">\n\t\t\t\t\t\t<div class=\"elementor-container elementor-column-gap-default\">\n\t\t\t\t\t<div class=\"elementor-column elementor-col-100 elementor-top-column elementor-element elementor-element-55c012b2\" data-id=\"55c012b2\" data-element_type=\"column\" data-e-type=\"column\">\n\t\t\t<div class=\"elementor-widget-wrap elementor-element-populated\">\n\t\t\t\t\t\t<div class=\"elementor-element elementor-element-5fed69c7 elementor-widget elementor-widget-text-editor\" data-id=\"5fed69c7\" data-element_type=\"widget\" data-e-type=\"widget\" data-widget_type=\"text-editor.default\">\n\t\t\t\t<div class=\"elementor-widget-container\">\n\t\t\t\t\t\t\t\t\t<p>Gerne helfen wir Ihnen weiter.<\/p>\t\t\t\t\t\t\t\t<\/div>\n\t\t\t\t<\/div>\n\t\t\t\t<div class=\"elementor-element elementor-element-569ba5b elementor-align-left elementor-widget elementor-widget-button\" data-id=\"569ba5b\" data-element_type=\"widget\" data-e-type=\"widget\" data-widget_type=\"button.default\">\n\t\t\t\t<div class=\"elementor-widget-container\">\n\t\t\t\t\t\t\t\t\t<div class=\"elementor-button-wrapper\">\n\t\t\t\t\t<a class=\"elementor-button elementor-button-link elementor-size-sm\" href=\"https:\/\/www.infrastructure-solutions.swiss\/de\/kontakt\/\">\n\t\t\t\t\t\t<span class=\"elementor-button-content-wrapper\">\n\t\t\t\t\t\t\t\t\t<span class=\"elementor-button-text\">Kontakt aufnehmen<\/span>\n\t\t\t\t\t<\/span>\n\t\t\t\t\t<\/a>\n\t\t\t\t<\/div>\n\t\t\t\t\t\t\t\t<\/div>\n\t\t\t\t<\/div>\n\t\t\t\t\t<\/div>\n\t\t<\/div>\n\t\t\t\t\t<\/div>\n\t\t<\/section>\n\t\t\t\t<\/div>\n\t\t","protected":false},"excerpt":{"rendered":"<p>Aktuelles Team Switzerland Infrastucture auf LinkedIn Vernetzen Sie sich mit uns auf LinkedIn und entdecken Sie aktuelle News, spannende Einblicke und Themen, die unsere Branche bewegen. Bleiben Sie informiert und erfahren Sie mehr \u00fcber unsere aktuellen Aktivit\u00e4ten. Jetzt auf LinkedIn folgen Haben Sie Fragen oder m\u00f6chten Sie mehr wissen? Gerne helfen wir Ihnen weiter. Kontakt [&hellip;]<\/p>\n","protected":false},"author":4,"featured_media":2470,"parent":0,"menu_order":0,"comment_status":"closed","ping_status":"closed","template":"","meta":{"_acf_changed":false,"ocean_post_layout":"full-screen","ocean_both_sidebars_style":"","ocean_both_sidebars_content_width":0,"ocean_both_sidebars_sidebars_width":0,"ocean_sidebar":"0","ocean_second_sidebar":"0","ocean_disable_margins":"enable","ocean_add_body_class":"","ocean_shortcode_before_top_bar":"","ocean_shortcode_after_top_bar":"","ocean_shortcode_before_header":"","ocean_shortcode_after_header":"","ocean_has_shortcode":"","ocean_shortcode_after_title":"","ocean_shortcode_before_footer_widgets":"","ocean_shortcode_after_footer_widgets":"","ocean_shortcode_before_footer_bottom":"","ocean_shortcode_after_footer_bottom":"","ocean_display_top_bar":"default","ocean_display_header":"default","ocean_header_style":"","ocean_center_header_left_menu":"0","ocean_custom_header_template":"0","ocean_custom_logo":0,"ocean_custom_retina_logo":0,"ocean_custom_logo_max_width":0,"ocean_custom_logo_tablet_max_width":0,"ocean_custom_logo_mobile_max_width":0,"ocean_custom_logo_max_height":0,"ocean_custom_logo_tablet_max_height":0,"ocean_custom_logo_mobile_max_height":0,"ocean_header_custom_menu":"0","ocean_menu_typo_font_family":"0","ocean_menu_typo_font_subset":"","ocean_menu_typo_font_size":0,"ocean_menu_typo_font_size_tablet":0,"ocean_menu_typo_font_size_mobile":0,"ocean_menu_typo_font_size_unit":"px","ocean_menu_typo_font_weight":"","ocean_menu_typo_font_weight_tablet":"","ocean_menu_typo_font_weight_mobile":"","ocean_menu_typo_transform":"","ocean_menu_typo_transform_tablet":"","ocean_menu_typo_transform_mobile":"","ocean_menu_typo_line_height":0,"ocean_menu_typo_line_height_tablet":0,"ocean_menu_typo_line_height_mobile":0,"ocean_menu_typo_line_height_unit":"","ocean_menu_typo_spacing":0,"ocean_menu_typo_spacing_tablet":0,"ocean_menu_typo_spacing_mobile":0,"ocean_menu_typo_spacing_unit":"","ocean_menu_link_color":"","ocean_menu_link_color_hover":"","ocean_menu_link_color_active":"","ocean_menu_link_background":"","ocean_menu_link_hover_background":"","ocean_menu_link_active_background":"","ocean_menu_social_links_bg":"","ocean_menu_social_hover_links_bg":"","ocean_menu_social_links_color":"","ocean_menu_social_hover_links_color":"","ocean_disable_title":"on","ocean_disable_heading":"default","ocean_post_title":"","ocean_post_subheading":"","ocean_post_title_style":"","ocean_post_title_background_color":"","ocean_post_title_background":0,"ocean_post_title_bg_image_position":"","ocean_post_title_bg_image_attachment":"","ocean_post_title_bg_image_repeat":"","ocean_post_title_bg_image_size":"","ocean_post_title_height":0,"ocean_post_title_bg_overlay":0.5,"ocean_post_title_bg_overlay_color":"","ocean_disable_breadcrumbs":"default","ocean_breadcrumbs_color":"","ocean_breadcrumbs_separator_color":"","ocean_breadcrumbs_links_color":"","ocean_breadcrumbs_links_hover_color":"","ocean_display_footer_widgets":"default","ocean_display_footer_bottom":"default","ocean_custom_footer_template":"0","footnotes":""},"class_list":["post-9284","page","type-page","status-publish","has-post-thumbnail","hentry","entry","has-media"],"acf":[],"yoast_head":"<!-- This site is optimized with the Yoast SEO plugin v27.5 - https:\/\/yoast.com\/product\/yoast-seo-wordpress\/ -->\n<title>Veranstaltungen - Team Switzerland Infrastructure<\/title>\n<meta name=\"description\" content=\"Finden Sie passende Events, Webinare und Networking rund um internationale Infrastrukturprojekte.\" \/>\n<meta name=\"robots\" content=\"index, follow, max-snippet:-1, max-image-preview:large, max-video-preview:-1\" \/>\n<link rel=\"canonical\" href=\"https:\/\/www.infrastructure-solutions.swiss\/de\/aktuelles\/\" \/>\n<meta property=\"og:locale\" content=\"de_DE\" \/>\n<meta property=\"og:type\" content=\"article\" \/>\n<meta property=\"og:title\" content=\"Veranstaltungen - Team Switzerland Infrastructure\" \/>\n<meta property=\"og:description\" content=\"Finden Sie passende Events, Webinare und Networking rund um internationale Infrastrukturprojekte.\" \/>\n<meta property=\"og:url\" content=\"https:\/\/www.infrastructure-solutions.swiss\/de\/aktuelles\/\" \/>\n<meta property=\"og:site_name\" content=\"Team Switzerland Infrastructure\" \/>\n<meta property=\"article:modified_time\" content=\"2026-02-20T10:23:15+00:00\" \/>\n<meta property=\"og:image\" content=\"https:\/\/www.infrastructure-solutions.swiss\/wp-content\/uploads\/2023\/06\/ship-1920x1439-1.jpg\" \/>\n\t<meta property=\"og:image:width\" content=\"1920\" \/>\n\t<meta property=\"og:image:height\" content=\"1439\" \/>\n\t<meta property=\"og:image:type\" content=\"image\/jpeg\" \/>\n<meta name=\"twitter:card\" content=\"summary_large_image\" \/>\n<meta name=\"twitter:label1\" content=\"Est. reading time\" \/>\n\t<meta name=\"twitter:data1\" content=\"1 minute\" \/>\n<script type=\"application\/ld+json\" class=\"yoast-schema-graph\">{\"@context\":\"https:\\\/\\\/schema.org\",\"@graph\":[{\"@type\":\"WebPage\",\"@id\":\"https:\\\/\\\/www.infrastructure-solutions.swiss\\\/de\\\/aktuelles\\\/\",\"url\":\"https:\\\/\\\/www.infrastructure-solutions.swiss\\\/de\\\/aktuelles\\\/\",\"name\":\"Veranstaltungen - Team Switzerland Infrastructure\",\"isPartOf\":{\"@id\":\"https:\\\/\\\/www.infrastructure-solutions.swiss\\\/de\\\/#website\"},\"primaryImageOfPage\":{\"@id\":\"https:\\\/\\\/www.infrastructure-solutions.swiss\\\/de\\\/aktuelles\\\/#primaryimage\"},\"image\":{\"@id\":\"https:\\\/\\\/www.infrastructure-solutions.swiss\\\/de\\\/aktuelles\\\/#primaryimage\"},\"thumbnailUrl\":\"https:\\\/\\\/www.infrastructure-solutions.swiss\\\/wp-content\\\/uploads\\\/2023\\\/06\\\/ship-1920x1439-1.jpg\",\"datePublished\":\"2026-01-29T15:34:25+00:00\",\"dateModified\":\"2026-02-20T10:23:15+00:00\",\"description\":\"Finden Sie passende Events, Webinare und Networking rund um internationale Infrastrukturprojekte.\",\"breadcrumb\":{\"@id\":\"https:\\\/\\\/www.infrastructure-solutions.swiss\\\/de\\\/aktuelles\\\/#breadcrumb\"},\"inLanguage\":\"de\",\"potentialAction\":[{\"@type\":\"ReadAction\",\"target\":[\"https:\\\/\\\/www.infrastructure-solutions.swiss\\\/de\\\/aktuelles\\\/\"]}]},{\"@type\":\"ImageObject\",\"inLanguage\":\"de\",\"@id\":\"https:\\\/\\\/www.infrastructure-solutions.swiss\\\/de\\\/aktuelles\\\/#primaryimage\",\"url\":\"https:\\\/\\\/www.infrastructure-solutions.swiss\\\/wp-content\\\/uploads\\\/2023\\\/06\\\/ship-1920x1439-1.jpg\",\"contentUrl\":\"https:\\\/\\\/www.infrastructure-solutions.swiss\\\/wp-content\\\/uploads\\\/2023\\\/06\\\/ship-1920x1439-1.jpg\",\"width\":1920,\"height\":1439},{\"@type\":\"BreadcrumbList\",\"@id\":\"https:\\\/\\\/www.infrastructure-solutions.swiss\\\/de\\\/aktuelles\\\/#breadcrumb\",\"itemListElement\":[{\"@type\":\"ListItem\",\"position\":1,\"name\":\"Startseite\",\"item\":\"https:\\\/\\\/www.infrastructure-solutions.swiss\\\/de\\\/\"},{\"@type\":\"ListItem\",\"position\":2,\"name\":\"Aktuelles\"}]},{\"@type\":\"WebSite\",\"@id\":\"https:\\\/\\\/www.infrastructure-solutions.swiss\\\/de\\\/#website\",\"url\":\"https:\\\/\\\/www.infrastructure-solutions.swiss\\\/de\\\/\",\"name\":\"Team Switzerland Infrastructure\",\"description\":\"For easier and improved access for Swiss industry to foreign infrastructure projects\",\"publisher\":{\"@id\":\"https:\\\/\\\/www.infrastructure-solutions.swiss\\\/de\\\/#organization\"},\"potentialAction\":[{\"@type\":\"SearchAction\",\"target\":{\"@type\":\"EntryPoint\",\"urlTemplate\":\"https:\\\/\\\/www.infrastructure-solutions.swiss\\\/de\\\/?s={search_term_string}\"},\"query-input\":{\"@type\":\"PropertyValueSpecification\",\"valueRequired\":true,\"valueName\":\"search_term_string\"}}],\"inLanguage\":\"de\"},{\"@type\":\"Organization\",\"@id\":\"https:\\\/\\\/www.infrastructure-solutions.swiss\\\/de\\\/#organization\",\"name\":\"Team Switzerland Infrastructure\",\"url\":\"https:\\\/\\\/www.infrastructure-solutions.swiss\\\/de\\\/\",\"logo\":{\"@type\":\"ImageObject\",\"inLanguage\":\"de\",\"@id\":\"https:\\\/\\\/www.infrastructure-solutions.swiss\\\/de\\\/#\\\/schema\\\/logo\\\/image\\\/\",\"url\":\"https:\\\/\\\/www.infrastructure-solutions.swiss\\\/wp-content\\\/uploads\\\/2023\\\/04\\\/Team_Switzerland.png\",\"contentUrl\":\"https:\\\/\\\/www.infrastructure-solutions.swiss\\\/wp-content\\\/uploads\\\/2023\\\/04\\\/Team_Switzerland.png\",\"width\":738,\"height\":402,\"caption\":\"Team Switzerland Infrastructure\"},\"image\":{\"@id\":\"https:\\\/\\\/www.infrastructure-solutions.swiss\\\/de\\\/#\\\/schema\\\/logo\\\/image\\\/\"}}]}<\/script>\n<!-- \/ Yoast SEO plugin. -->","yoast_head_json":{"title":"Veranstaltungen - Team Switzerland Infrastructure","description":"Finden Sie passende Events, Webinare und Networking rund um internationale Infrastrukturprojekte.","robots":{"index":"index","follow":"follow","max-snippet":"max-snippet:-1","max-image-preview":"max-image-preview:large","max-video-preview":"max-video-preview:-1"},"canonical":"https:\/\/www.infrastructure-solutions.swiss\/de\/aktuelles\/","og_locale":"de_DE","og_type":"article","og_title":"Veranstaltungen - Team Switzerland Infrastructure","og_description":"Finden Sie passende Events, Webinare und Networking rund um internationale Infrastrukturprojekte.","og_url":"https:\/\/www.infrastructure-solutions.swiss\/de\/aktuelles\/","og_site_name":"Team Switzerland Infrastructure","article_modified_time":"2026-02-20T10:23:15+00:00","og_image":[{"width":1920,"height":1439,"url":"https:\/\/www.infrastructure-solutions.swiss\/wp-content\/uploads\/2023\/06\/ship-1920x1439-1.jpg","type":"image\/jpeg"}],"twitter_card":"summary_large_image","twitter_misc":{"Est. reading time":"1 minute"},"schema":{"@context":"https:\/\/schema.org","@graph":[{"@type":"WebPage","@id":"https:\/\/www.infrastructure-solutions.swiss\/de\/aktuelles\/","url":"https:\/\/www.infrastructure-solutions.swiss\/de\/aktuelles\/","name":"Veranstaltungen - Team Switzerland Infrastructure","isPartOf":{"@id":"https:\/\/www.infrastructure-solutions.swiss\/de\/#website"},"primaryImageOfPage":{"@id":"https:\/\/www.infrastructure-solutions.swiss\/de\/aktuelles\/#primaryimage"},"image":{"@id":"https:\/\/www.infrastructure-solutions.swiss\/de\/aktuelles\/#primaryimage"},"thumbnailUrl":"https:\/\/www.infrastructure-solutions.swiss\/wp-content\/uploads\/2023\/06\/ship-1920x1439-1.jpg","datePublished":"2026-01-29T15:34:25+00:00","dateModified":"2026-02-20T10:23:15+00:00","description":"Finden Sie passende Events, Webinare und Networking rund um internationale Infrastrukturprojekte.","breadcrumb":{"@id":"https:\/\/www.infrastructure-solutions.swiss\/de\/aktuelles\/#breadcrumb"},"inLanguage":"de","potentialAction":[{"@type":"ReadAction","target":["https:\/\/www.infrastructure-solutions.swiss\/de\/aktuelles\/"]}]},{"@type":"ImageObject","inLanguage":"de","@id":"https:\/\/www.infrastructure-solutions.swiss\/de\/aktuelles\/#primaryimage","url":"https:\/\/www.infrastructure-solutions.swiss\/wp-content\/uploads\/2023\/06\/ship-1920x1439-1.jpg","contentUrl":"https:\/\/www.infrastructure-solutions.swiss\/wp-content\/uploads\/2023\/06\/ship-1920x1439-1.jpg","width":1920,"height":1439},{"@type":"BreadcrumbList","@id":"https:\/\/www.infrastructure-solutions.swiss\/de\/aktuelles\/#breadcrumb","itemListElement":[{"@type":"ListItem","position":1,"name":"Startseite","item":"https:\/\/www.infrastructure-solutions.swiss\/de\/"},{"@type":"ListItem","position":2,"name":"Aktuelles"}]},{"@type":"WebSite","@id":"https:\/\/www.infrastructure-solutions.swiss\/de\/#website","url":"https:\/\/www.infrastructure-solutions.swiss\/de\/","name":"Team Switzerland Infrastructure","description":"For easier and improved access for Swiss industry to foreign infrastructure projects","publisher":{"@id":"https:\/\/www.infrastructure-solutions.swiss\/de\/#organization"},"potentialAction":[{"@type":"SearchAction","target":{"@type":"EntryPoint","urlTemplate":"https:\/\/www.infrastructure-solutions.swiss\/de\/?s={search_term_string}"},"query-input":{"@type":"PropertyValueSpecification","valueRequired":true,"valueName":"search_term_string"}}],"inLanguage":"de"},{"@type":"Organization","@id":"https:\/\/www.infrastructure-solutions.swiss\/de\/#organization","name":"Team Switzerland Infrastructure","url":"https:\/\/www.infrastructure-solutions.swiss\/de\/","logo":{"@type":"ImageObject","inLanguage":"de","@id":"https:\/\/www.infrastructure-solutions.swiss\/de\/#\/schema\/logo\/image\/","url":"https:\/\/www.infrastructure-solutions.swiss\/wp-content\/uploads\/2023\/04\/Team_Switzerland.png","contentUrl":"https:\/\/www.infrastructure-solutions.swiss\/wp-content\/uploads\/2023\/04\/Team_Switzerland.png","width":738,"height":402,"caption":"Team Switzerland Infrastructure"},"image":{"@id":"https:\/\/www.infrastructure-solutions.swiss\/de\/#\/schema\/logo\/image\/"}}]}},"_links":{"self":[{"href":"https:\/\/www.infrastructure-solutions.swiss\/de\/wp-json\/wp\/v2\/pages\/9284","targetHints":{"allow":["GET"]}}],"collection":[{"href":"https:\/\/www.infrastructure-solutions.swiss\/de\/wp-json\/wp\/v2\/pages"}],"about":[{"href":"https:\/\/www.infrastructure-solutions.swiss\/de\/wp-json\/wp\/v2\/types\/page"}],"author":[{"embeddable":true,"href":"https:\/\/www.infrastructure-solutions.swiss\/de\/wp-json\/wp\/v2\/users\/4"}],"replies":[{"embeddable":true,"href":"https:\/\/www.infrastructure-solutions.swiss\/de\/wp-json\/wp\/v2\/comments?post=9284"}],"version-history":[{"count":48,"href":"https:\/\/www.infrastructure-solutions.swiss\/de\/wp-json\/wp\/v2\/pages\/9284\/revisions"}],"predecessor-version":[{"id":9979,"href":"https:\/\/www.infrastructure-solutions.swiss\/de\/wp-json\/wp\/v2\/pages\/9284\/revisions\/9979"}],"wp:featuredmedia":[{"embeddable":true,"href":"https:\/\/www.infrastructure-solutions.swiss\/de\/wp-json\/wp\/v2\/media\/2470"}],"wp:attachment":[{"href":"https:\/\/www.infrastructure-solutions.swiss\/de\/wp-json\/wp\/v2\/media?parent=9284"}],"curies":[{"name":"wp","href":"https:\/\/api.w.org\/{rel}","templated":true}]}}